{"id":6289,"date":"2025-09-22T10:47:16","date_gmt":"2025-09-22T10:47:16","guid":{"rendered":"https:\/\/oronda.es\/?post_type=product&#038;p=6289"},"modified":"2025-09-22T10:49:22","modified_gmt":"2025-09-22T10:49:22","slug":"trio-pack-air-planter-soporte-de-pared","status":"publish","type":"product","link":"https:\/\/oronda.es\/ca\/producto\/trio-pack-air-planter-soporte-de-pared\/","title":{"rendered":"Trio Pack Air planter + soporte de pared"},"content":{"rendered":"<p>Triple belleza en altura. Crea tu galer\u00eda bot\u00e1nica en altura con este tr\u00edo artesanal inspirado en la naturaleza.<\/p>\n<p>El Tr\u00edo Pack Air Plant incluye tres colgadores para plantas de aire de dise\u00f1o minimalista y atemporal, elaborados en hierro. Adem\u00e1s cuenta con el soporte de lineas simples y minimalistas para colgarlo de la pared.<\/p>\n<p>Puedes elegir entre los modelos Oh! Air Plant y Uh! Air Plant, o combinarlos para lograr la composici\u00f3n\u00a0 que mejor se adapte a tu estilo.<\/p>\n<p>Estas piezas est\u00e1n dise\u00f1adas para realzar y hacer lucir las curiosas formas que presentan las tillandsias o plantas de aire. Su uso es vers\u00e1til tanto para Interior como exterior.<\/p>\n","protected":false},"excerpt":{"rendered":"<p>Triple belleza en altura. Crea tu galer\u00eda bot\u00e1nica en altura con este tr\u00edo artesanal inspirado en la naturaleza. El Tr\u00edo Pack Air Plant incluye tres colgadores para plantas de aire de dise\u00f1o minimalista y atemporal, elaborados en hierro. Adem\u00e1s cuenta con el soporte de lineas simples y minimalistas para colgarlo de la pared. Puedes elegir entre los modelos Oh! Air Plant y Uh! Air Plant, o combinarlos para lograr la composici\u00f3n\u00a0 que mejor se adapte a tu estilo. Estas piezas est\u00e1n dise\u00f1adas para realzar y hacer lucir las curiosas formas que presentan las tillandsias o plantas de aire. Su uso es vers\u00e1til tanto para Interior como exterior.<\/p>\n","protected":false},"featured_media":6245,"comment_status":"open","ping_status":"closed","template":"","meta":[],"product_brand":[],"product_cat":[18],"product_tag":[],"class_list":{"0":"post-6289","1":"product","2":"type-product","3":"status-publish","4":"has-post-thumbnail","6":"product_cat-sin-categorizar","8":"first","9":"instock","10":"taxable","11":"shipping-taxable","12":"purchasable","13":"product-type-variable"},"_links":{"self":[{"href":"https:\/\/oronda.es\/ca\/wp-json\/wp\/v2\/product\/6289","targetHints":{"allow":["GET"]}}],"collection":[{"href":"https:\/\/oronda.es\/ca\/wp-json\/wp\/v2\/product"}],"about":[{"href":"https:\/\/oronda.es\/ca\/wp-json\/wp\/v2\/types\/product"}],"replies":[{"embeddable":true,"href":"https:\/\/oronda.es\/ca\/wp-json\/wp\/v2\/comments?post=6289"}],"wp:featuredmedia":[{"embeddable":true,"href":"https:\/\/oronda.es\/ca\/wp-json\/wp\/v2\/media\/6245"}],"wp:attachment":[{"href":"https:\/\/oronda.es\/ca\/wp-json\/wp\/v2\/media?parent=6289"}],"wp:term":[{"taxonomy":"product_brand","embeddable":true,"href":"https:\/\/oronda.es\/ca\/wp-json\/wp\/v2\/product_brand?post=6289"},{"taxonomy":"product_cat","embeddable":true,"href":"https:\/\/oronda.es\/ca\/wp-json\/wp\/v2\/product_cat?post=6289"},{"taxonomy":"product_tag","embeddable":true,"href":"https:\/\/oronda.es\/ca\/wp-json\/wp\/v2\/product_tag?post=6289"}],"curies":[{"name":"wp","href":"https:\/\/api.w.org\/{rel}","templated":true}]}}