{"id":6277,"date":"2025-09-19T14:05:00","date_gmt":"2025-09-19T14:05:00","guid":{"rendered":"https:\/\/oronda.es\/?post_type=product&#038;p=6277"},"modified":"2025-09-19T14:05:00","modified_gmt":"2025-09-19T14:05:00","slug":"soporte-de-pared-l","status":"publish","type":"product","link":"https:\/\/oronda.es\/ca\/producto\/soporte-de-pared-l\/","title":{"rendered":"Soporte de pared &#8220;L&#8221;"},"content":{"rendered":"<ul>\n<li><span style=\"font-weight: 400;\">Soporte de madera para colgar las piezas peque\u00f1as de la colecci\u00f3n A\u00e9rea de la pared.\u00a0<\/span><\/li>\n<li><span style=\"font-weight: 400;\">Una forma simple y elegante para crear composiciones que llenar\u00e1n de vida y estilo cualquier espacio que imagines.<\/span><\/li>\n<li><span style=\"font-weight: 400;\">Su dise\u00f1o simple y minimalista resulta elegante y discreto en todos los ambientes dejando el protagonismo al verde.\u00a0<\/span><\/li>\n<li><span style=\"font-weight: 400;\">De f\u00e1cil instalaci\u00f3n.<\/span><span style=\"font-weight: 400;\">Uso para interiores y exteriores.<\/span><\/li>\n<\/ul>\n","protected":false},"excerpt":{"rendered":"<ul>\n<li><span style=\"font-weight: 400;\">Soporte de madera para colgar de la pared las piezas m\u00e1s pesadas de la colecci\u00f3n A\u00e9rea .\u00a0<\/span><\/li>\n<li><span style=\"font-weight: 400;\">Una forma simple y elegante para crear composiciones que llenar\u00e1n de vida y estilo cualquier espacio que imagines.<\/span><\/li>\n<li><span style=\"font-weight: 400;\">Su dise\u00f1o simple y minimalista resulta elegante y discreto en todos los ambientes dejando el protagonismo al verde.\u00a0<\/span><\/li>\n<li><span style=\"font-weight: 400;\">De f\u00e1cil instalaci\u00f3n.<\/span><span style=\"font-weight: 400;\">Uso para interiores y exteriores.<\/span><\/li>\n<\/ul>\n","protected":false},"featured_media":6282,"comment_status":"open","ping_status":"closed","template":"","meta":[],"product_brand":[],"product_cat":[45],"product_tag":[127,129,128],"class_list":{"0":"post-6277","1":"product","2":"type-product","3":"status-publish","4":"has-post-thumbnail","6":"product_cat-coleccion-aerea","7":"product_tag-colgador-de-plantas","8":"product_tag-plantas-colgantes","9":"product_tag-plantas-de-interior","11":"first","12":"instock","13":"taxable","14":"shipping-taxable","15":"purchasable","16":"product-type-simple"},"_links":{"self":[{"href":"https:\/\/oronda.es\/ca\/wp-json\/wp\/v2\/product\/6277","targetHints":{"allow":["GET"]}}],"collection":[{"href":"https:\/\/oronda.es\/ca\/wp-json\/wp\/v2\/product"}],"about":[{"href":"https:\/\/oronda.es\/ca\/wp-json\/wp\/v2\/types\/product"}],"replies":[{"embeddable":true,"href":"https:\/\/oronda.es\/ca\/wp-json\/wp\/v2\/comments?post=6277"}],"wp:featuredmedia":[{"embeddable":true,"href":"https:\/\/oronda.es\/ca\/wp-json\/wp\/v2\/media\/6282"}],"wp:attachment":[{"href":"https:\/\/oronda.es\/ca\/wp-json\/wp\/v2\/media?parent=6277"}],"wp:term":[{"taxonomy":"product_brand","embeddable":true,"href":"https:\/\/oronda.es\/ca\/wp-json\/wp\/v2\/product_brand?post=6277"},{"taxonomy":"product_cat","embeddable":true,"href":"https:\/\/oronda.es\/ca\/wp-json\/wp\/v2\/product_cat?post=6277"},{"taxonomy":"product_tag","embeddable":true,"href":"https:\/\/oronda.es\/ca\/wp-json\/wp\/v2\/product_tag?post=6277"}],"curies":[{"name":"wp","href":"https:\/\/api.w.org\/{rel}","templated":true}]}}