{"id":6188,"date":"2025-07-30T14:59:59","date_gmt":"2025-07-30T14:59:59","guid":{"rendered":"https:\/\/oronda.es\/producto\/pack-test-penjant-suport-de-paret\/"},"modified":"2025-07-30T14:59:59","modified_gmt":"2025-07-30T14:59:59","slug":"pack-test-penjant-suport-de-paret","status":"publish","type":"product","link":"https:\/\/oronda.es\/ca\/producto\/pack-test-penjant-suport-de-paret\/","title":{"rendered":"Pack Test penjant + Suport de paret"},"content":{"rendered":"<ul>\n<li><span style=\"font-weight: 400;\">Anell de ferro forjat amb test de terrissa, fets a m\u00e0 i dissenyats per donar vida als teus espais quotidians. D&#8217;estil minimalista i po\u00e8tic, encaixa harm\u00f2nicament en qualsevol ambient. <\/span><\/li>\n<li><span style=\"font-weight: 400;\">El test \u00e9s de terrissa fet artesanalment, pots posar-hi el substrat directament o fer-lo servir com a porta test. La porositat de la cer\u00e0mica absorbeix l&#8217;exc\u00e9s de reg i evita degoteigs i entollaments. <\/span><\/li>\n<li><span style=\"font-weight: 400;\">El <\/span><b>Suport de paret <\/b> <span style=\"font-weight: 400;\"> permet penjar-lo a qualsevol superf\u00edcie vertical fent-lo lluir en qualsevol ambient. Pots posar-lo en interiors i exteriors. <\/span><\/li>\n<\/ul>\n","protected":false},"excerpt":{"rendered":"<p>Anell de ferro forjat amb test de terrissa, fets a m\u00e0 i dissenyats per donar vida als teus espais quotidians. D&#8217;estil minimalista i po\u00e8tic, encaixa harm\u00f2nicament en qualsevol ambient. El test \u00e9s de terrissa fet artesanalment, pots posar-hi el substrat directament o fer-lo servir com a porta test. La porositat de la cer\u00e0mica absorbeix l&#8217;exc\u00e9s de reg i evita degoteigs i entollaments. El Suport de paret permet penjar-lo a qualsevol superf\u00edcie vertical fent-lo lluir en qualsevol ambient. Pots posar-lo en interiors i exteriors.<\/p>\n","protected":false},"featured_media":6160,"comment_status":"open","ping_status":"closed","template":"","meta":[],"product_brand":[],"product_cat":[71],"product_tag":[],"class_list":{"0":"post-6188","1":"product","2":"type-product","3":"status-publish","4":"has-post-thumbnail","6":"product_cat-colleccio-aeria","8":"first","9":"instock","10":"taxable","11":"shipping-taxable","12":"purchasable","13":"product-type-variable"},"_links":{"self":[{"href":"https:\/\/oronda.es\/ca\/wp-json\/wp\/v2\/product\/6188","targetHints":{"allow":["GET"]}}],"collection":[{"href":"https:\/\/oronda.es\/ca\/wp-json\/wp\/v2\/product"}],"about":[{"href":"https:\/\/oronda.es\/ca\/wp-json\/wp\/v2\/types\/product"}],"replies":[{"embeddable":true,"href":"https:\/\/oronda.es\/ca\/wp-json\/wp\/v2\/comments?post=6188"}],"wp:featuredmedia":[{"embeddable":true,"href":"https:\/\/oronda.es\/ca\/wp-json\/wp\/v2\/media\/6160"}],"wp:attachment":[{"href":"https:\/\/oronda.es\/ca\/wp-json\/wp\/v2\/media?parent=6188"}],"wp:term":[{"taxonomy":"product_brand","embeddable":true,"href":"https:\/\/oronda.es\/ca\/wp-json\/wp\/v2\/product_brand?post=6188"},{"taxonomy":"product_cat","embeddable":true,"href":"https:\/\/oronda.es\/ca\/wp-json\/wp\/v2\/product_cat?post=6188"},{"taxonomy":"product_tag","embeddable":true,"href":"https:\/\/oronda.es\/ca\/wp-json\/wp\/v2\/product_tag?post=6188"}],"curies":[{"name":"wp","href":"https:\/\/api.w.org\/{rel}","templated":true}]}}