{"id":6185,"date":"2025-07-30T15:52:37","date_gmt":"2025-07-30T15:52:37","guid":{"rendered":"https:\/\/oronda.es\/producto\/duo-pack-air-planter-suport-de-paret\/"},"modified":"2025-07-30T15:52:37","modified_gmt":"2025-07-30T15:52:37","slug":"duo-pack-air-planter-suport-de-paret","status":"publish","type":"product","link":"https:\/\/oronda.es\/ca\/producto\/duo-pack-air-planter-suport-de-paret\/","title":{"rendered":"Duo pack Air planter + Suport de paret"},"content":{"rendered":"<p><span style=\"font-weight: 400;\">Doble bellesa en al\u00e7ada. Crea la teva galeria bot\u00e0nica en al\u00e7ada amb aquest duo artesanal inspirat en la natura. <\/span><\/p>\n<p><span style=\"font-weight: 400;\">El Duo Pack Air Plant inclou dos penjadors per a plantes d&#8217;aire de disseny minimalista i atemporal, elaborats en ferro.<\/span><\/p>\n<p><span style=\"font-weight: 400;\">Pots triar entre els models Oh! Air Plant i Uh! Air Plant, o combinar-los per aconseguir la composici\u00f3 que millor s&#8217;adapti al teu estil.  <\/span><\/p>\n<p><span style=\"font-weight: 400;\">Aquestes peces estan dissenyades per real\u00e7ar i fer lluir les curioses formes que presenten les tillandsies. El seu \u00fas \u00e9s vers\u00e0til tant per a interior com exterior. <\/span><\/p>\n","protected":false},"excerpt":{"rendered":"<p>Doble bellesa en al\u00e7ada. Crea la teva galeria bot\u00e0nica en al\u00e7ada amb aquest duo artesanal inspirat en la natura. El Duo Pack Air Plant inclou dos penjadors per a plantes d&#8217;aire de disseny minimalista i atemporal, elaborats en ferro. Pots triar entre els models Oh! Air Plant i Uh! Air Plant, o combinar-los per aconseguir la composici\u00f3 que millor s&#8217;adapti al teu estil. Aquestes peces estan dissenyades per real\u00e7ar i fer lluir les curioses formes que presenten les tillandsies. El seu \u00fas \u00e9s vers\u00e0til tant per a interior com exterior.<\/p>\n","protected":false},"featured_media":6276,"comment_status":"open","ping_status":"closed","template":"","meta":[],"product_brand":[],"product_cat":[71,69,70],"product_tag":[],"class_list":{"0":"post-6185","1":"product","2":"type-product","3":"status-publish","4":"has-post-thumbnail","6":"product_cat-colleccio-aeria","7":"product_cat-sense-categoritzar","8":"product_cat-testos-i-gerros","10":"first","11":"instock","12":"taxable","13":"shipping-taxable","14":"purchasable","15":"product-type-variable"},"_links":{"self":[{"href":"https:\/\/oronda.es\/ca\/wp-json\/wp\/v2\/product\/6185","targetHints":{"allow":["GET"]}}],"collection":[{"href":"https:\/\/oronda.es\/ca\/wp-json\/wp\/v2\/product"}],"about":[{"href":"https:\/\/oronda.es\/ca\/wp-json\/wp\/v2\/types\/product"}],"replies":[{"embeddable":true,"href":"https:\/\/oronda.es\/ca\/wp-json\/wp\/v2\/comments?post=6185"}],"wp:featuredmedia":[{"embeddable":true,"href":"https:\/\/oronda.es\/ca\/wp-json\/wp\/v2\/media\/6276"}],"wp:attachment":[{"href":"https:\/\/oronda.es\/ca\/wp-json\/wp\/v2\/media?parent=6185"}],"wp:term":[{"taxonomy":"product_brand","embeddable":true,"href":"https:\/\/oronda.es\/ca\/wp-json\/wp\/v2\/product_brand?post=6185"},{"taxonomy":"product_cat","embeddable":true,"href":"https:\/\/oronda.es\/ca\/wp-json\/wp\/v2\/product_cat?post=6185"},{"taxonomy":"product_tag","embeddable":true,"href":"https:\/\/oronda.es\/ca\/wp-json\/wp\/v2\/product_tag?post=6185"}],"curies":[{"name":"wp","href":"https:\/\/api.w.org\/{rel}","templated":true}]}}