{"id":5619,"date":"2024-08-14T16:37:34","date_gmt":"2024-08-14T16:37:34","guid":{"rendered":"https:\/\/oronda.es\/producto\/animal-2\/"},"modified":"2025-07-31T08:09:24","modified_gmt":"2025-07-31T08:09:24","slug":"animal-2","status":"publish","type":"product","link":"https:\/\/oronda.es\/ca\/producto\/animal-2\/","title":{"rendered":"Animal"},"content":{"rendered":"<p>Els testos de la col\u00b7lecci\u00f3 Printed estan fets de terracota al natural i sobre cadascun d&#8217;ells s&#8217;ha transferit un patr\u00f3 mitjan\u00e7ant t\u00e8cniques artesanals que fan que cada pe\u00e7a sigui \u00fanica i irrepetible.<br \/>\nEl resultat \u00e9s un test r\u00fastic, sensible i elegant que pren pres\u00e8ncia sobre el seu suport minimalista de barnilles de ferro i far\u00e0 que les teves plantes llueixen en tota la seva esplendor donant llum i vitalitat a qualsevol ambient.<\/p>\n","protected":false},"excerpt":{"rendered":"<p>Els testos de la col\u00b7lecci\u00f3 Printed estan fets de terracota al natural i sobre cadascun d&#8217;ells s&#8217;ha transferit un patr\u00f3 mitjan\u00e7ant t\u00e8cniques artesanals que fan que cada pe\u00e7a sigui \u00fanica i irrepetible. El resultat \u00e9s un test r\u00fastic, sensible i elegant que pren pres\u00e8ncia sobre el seu suport minimalista de barnilles de ferro i far\u00e0 que les teves plantes llueixen en tota la seva esplendor donant llum i vitalitat a qualsevol ambient.<\/p>\n","protected":false},"featured_media":5236,"comment_status":"open","ping_status":"closed","template":"","meta":[],"product_brand":[],"product_cat":[77,70],"product_tag":[],"class_list":{"0":"post-5619","1":"product","2":"type-product","3":"status-publish","4":"has-post-thumbnail","6":"product_cat-colleccio-printed-testos-i-gerros","7":"product_cat-testos-i-gerros","9":"first","10":"instock","11":"taxable","12":"shipping-taxable","13":"purchasable","14":"product-type-variable"},"_links":{"self":[{"href":"https:\/\/oronda.es\/ca\/wp-json\/wp\/v2\/product\/5619","targetHints":{"allow":["GET"]}}],"collection":[{"href":"https:\/\/oronda.es\/ca\/wp-json\/wp\/v2\/product"}],"about":[{"href":"https:\/\/oronda.es\/ca\/wp-json\/wp\/v2\/types\/product"}],"replies":[{"embeddable":true,"href":"https:\/\/oronda.es\/ca\/wp-json\/wp\/v2\/comments?post=5619"}],"wp:featuredmedia":[{"embeddable":true,"href":"https:\/\/oronda.es\/ca\/wp-json\/wp\/v2\/media\/5236"}],"wp:attachment":[{"href":"https:\/\/oronda.es\/ca\/wp-json\/wp\/v2\/media?parent=5619"}],"wp:term":[{"taxonomy":"product_brand","embeddable":true,"href":"https:\/\/oronda.es\/ca\/wp-json\/wp\/v2\/product_brand?post=5619"},{"taxonomy":"product_cat","embeddable":true,"href":"https:\/\/oronda.es\/ca\/wp-json\/wp\/v2\/product_cat?post=5619"},{"taxonomy":"product_tag","embeddable":true,"href":"https:\/\/oronda.es\/ca\/wp-json\/wp\/v2\/product_tag?post=5619"}],"curies":[{"name":"wp","href":"https:\/\/api.w.org\/{rel}","templated":true}]}}