{"id":5535,"date":"2024-04-25T16:44:59","date_gmt":"2024-04-25T16:44:59","guid":{"rendered":"https:\/\/oronda.es\/producto\/oh-test-penjant\/"},"modified":"2025-07-31T08:06:26","modified_gmt":"2025-07-31T08:06:26","slug":"oh-test-penjant","status":"publish","type":"product","link":"https:\/\/oronda.es\/ca\/producto\/oh-test-penjant\/","title":{"rendered":"Oh! Test penjant"},"content":{"rendered":"<ul>\n<li><span style=\"font-weight: 400;\">Penjador de ferro forjat amb test de terrissa, fets a m\u00e0. Dissenyat per vestir els teus espais amb plantes vives. El seu estil atemporal li permet fluir amb qualsevol entorn.  <\/span><\/li>\n<li><span style=\"font-weight: 400;\">El test \u00e9s de terrissa fet artesanalment. Pots posar-hi el substrat directament o fer-lo servir com a porta test. La porositat de la cer\u00e0mica absorbeix l&#8217;exc\u00e9s de reg i evita degoteigs i entollaments.  <\/span><\/li>\n<li><span style=\"font-weight: 400;\">El seu disseny susp\u00e8s permet penjar-lo del sostre, el marc d&#8217;una porta o finestra, una barra de cortina o directament a la paret amb els suports de la nostra col\u00b7lecci\u00f3. Pots posar-lo tant a l&#8217;interior com a l&#8217;exterior. <\/span><\/li>\n<\/ul>\n","protected":false},"excerpt":{"rendered":"<p>Penjador de ferro forjat amb test de terrissa, fets a m\u00e0. Dissenyat per vestir els teus espais amb plantes vives. El seu estil atemporal li permet fluir amb qualsevol entorn. El test \u00e9s de terrissa fet artesanalment. Pots posar-hi el substrat directament o fer-lo servir com a porta test. La porositat de la cer\u00e0mica absorbeix l&#8217;exc\u00e9s de reg i evita degoteigs i entollaments. El seu disseny susp\u00e8s permet penjar-lo del sostre, el marc d&#8217;una porta o finestra, una barra de cortina o directament a la paret amb els suports de la nostra col\u00b7lecci\u00f3. Pots posar-lo tant a l&#8217;interior com a l&#8217;exterior.<\/p>\n","protected":false},"featured_media":5364,"comment_status":"open","ping_status":"closed","template":"","meta":[],"product_brand":[],"product_cat":[71,70],"product_tag":[],"class_list":{"0":"post-5535","1":"product","2":"type-product","3":"status-publish","4":"has-post-thumbnail","6":"product_cat-colleccio-aeria","7":"product_cat-testos-i-gerros","9":"first","10":"instock","11":"taxable","12":"shipping-taxable","13":"purchasable","14":"product-type-variable"},"_links":{"self":[{"href":"https:\/\/oronda.es\/ca\/wp-json\/wp\/v2\/product\/5535","targetHints":{"allow":["GET"]}}],"collection":[{"href":"https:\/\/oronda.es\/ca\/wp-json\/wp\/v2\/product"}],"about":[{"href":"https:\/\/oronda.es\/ca\/wp-json\/wp\/v2\/types\/product"}],"replies":[{"embeddable":true,"href":"https:\/\/oronda.es\/ca\/wp-json\/wp\/v2\/comments?post=5535"}],"wp:featuredmedia":[{"embeddable":true,"href":"https:\/\/oronda.es\/ca\/wp-json\/wp\/v2\/media\/5364"}],"wp:attachment":[{"href":"https:\/\/oronda.es\/ca\/wp-json\/wp\/v2\/media?parent=5535"}],"wp:term":[{"taxonomy":"product_brand","embeddable":true,"href":"https:\/\/oronda.es\/ca\/wp-json\/wp\/v2\/product_brand?post=5535"},{"taxonomy":"product_cat","embeddable":true,"href":"https:\/\/oronda.es\/ca\/wp-json\/wp\/v2\/product_cat?post=5535"},{"taxonomy":"product_tag","embeddable":true,"href":"https:\/\/oronda.es\/ca\/wp-json\/wp\/v2\/product_tag?post=5535"}],"curies":[{"name":"wp","href":"https:\/\/api.w.org\/{rel}","templated":true}]}}