{"id":5533,"date":"2024-04-25T16:36:33","date_gmt":"2024-04-25T16:36:33","guid":{"rendered":"https:\/\/oronda.es\/producto\/uh-test-penjant\/"},"modified":"2025-07-31T08:09:54","modified_gmt":"2025-07-31T08:09:54","slug":"uh-test-penjant","status":"publish","type":"product","link":"https:\/\/oronda.es\/ca\/producto\/uh-test-penjant\/","title":{"rendered":"Uh! test penjant"},"content":{"rendered":"<ul>\n<li><span style=\"font-weight: 400;\">C\u00e8rcol de ferro forjat amb test de terrissa, fets a m\u00e0 i dissenyats per donar vida als teus espais quotidians. D&#8217;estil minimalista i po\u00e8tic, encaixa harm\u00f2nicament en qualsevol ambient. <\/span><\/li>\n<li><span style=\"font-weight: 400;\">El test \u00e9s de terrissa fet artesanalment, pots posar-hi el substrat directament o fer-lo servir com a porta-test. La porositat de la cer\u00e0mica absorbeix l&#8217;exc\u00e9s de reg i evita degoteigs i entollaments. <\/span><\/li>\n<li><span style=\"font-weight: 400;\">El seu disseny susp\u00e8s permet penjar-lo del sostre, del marc d&#8217;una porta o finestra, d&#8217;una prestatgeria, d&#8217;una barra de cortina o directament a la paret amb el nostre <\/span><b>Wall hook<\/b><span style=\"font-weight: 400;\">. Pots posar-lo tant a l&#8217;interior com a l&#8217;exterior.<\/span><\/li>\n<\/ul>\n","protected":false},"excerpt":{"rendered":"<p>C\u00e8rcol de ferro forjat amb test de terrissa, fets a m\u00e0 i dissenyats per donar vida als teus espais quotidians. D&#8217;estil minimalista i po\u00e8tic, encaixa harm\u00f2nicament en qualsevol ambient. El test \u00e9s de terrissa fet artesanalment, pots posar-hi el substrat directament o fer-lo servir com a porta-test. La porositat de la cer\u00e0mica absorbeix l&#8217;exc\u00e9s de reg i evita degoteigs i entollaments. El seu disseny susp\u00e8s permet penjar-lo del sostre, del marc d&#8217;una porta o finestra, d&#8217;una prestatgeria, d&#8217;una barra de cortina o directament a la paret amb el nostre Wall hook. Pots posar-lo tant a l&#8217;interior com a l&#8217;exterior.<\/p>\n","protected":false},"featured_media":5358,"comment_status":"open","ping_status":"closed","template":"","meta":[],"product_brand":[],"product_cat":[71,70],"product_tag":[],"class_list":{"0":"post-5533","1":"product","2":"type-product","3":"status-publish","4":"has-post-thumbnail","6":"product_cat-colleccio-aeria","7":"product_cat-testos-i-gerros","9":"first","10":"instock","11":"taxable","12":"shipping-taxable","13":"purchasable","14":"product-type-variable"},"_links":{"self":[{"href":"https:\/\/oronda.es\/ca\/wp-json\/wp\/v2\/product\/5533","targetHints":{"allow":["GET"]}}],"collection":[{"href":"https:\/\/oronda.es\/ca\/wp-json\/wp\/v2\/product"}],"about":[{"href":"https:\/\/oronda.es\/ca\/wp-json\/wp\/v2\/types\/product"}],"replies":[{"embeddable":true,"href":"https:\/\/oronda.es\/ca\/wp-json\/wp\/v2\/comments?post=5533"}],"wp:featuredmedia":[{"embeddable":true,"href":"https:\/\/oronda.es\/ca\/wp-json\/wp\/v2\/media\/5358"}],"wp:attachment":[{"href":"https:\/\/oronda.es\/ca\/wp-json\/wp\/v2\/media?parent=5533"}],"wp:term":[{"taxonomy":"product_brand","embeddable":true,"href":"https:\/\/oronda.es\/ca\/wp-json\/wp\/v2\/product_brand?post=5533"},{"taxonomy":"product_cat","embeddable":true,"href":"https:\/\/oronda.es\/ca\/wp-json\/wp\/v2\/product_cat?post=5533"},{"taxonomy":"product_tag","embeddable":true,"href":"https:\/\/oronda.es\/ca\/wp-json\/wp\/v2\/product_tag?post=5533"}],"curies":[{"name":"wp","href":"https:\/\/api.w.org\/{rel}","templated":true}]}}