{"id":5517,"date":"2024-04-23T15:33:54","date_gmt":"2024-04-23T15:33:54","guid":{"rendered":"https:\/\/oronda.es\/producto\/gemma\/"},"modified":"2024-04-23T15:33:54","modified_gmt":"2024-04-23T15:33:54","slug":"gemma","status":"publish","type":"product","link":"https:\/\/oronda.es\/ca\/producto\/gemma\/","title":{"rendered":"Gemma"},"content":{"rendered":"<p>Els gerros Gemma estan inspirats en les gemmes, aquestes pedres precioses o semiprecioses que es tallen i faceten per destacar la seva brillantor. Aix\u00ed d&#8217;elegants lluiran les flors! Estan dissenyats per col\u00b7locar flors de tija curta, tant fresques com seques, ja siguin de floristeria o que t&#8217;hi has trobat\u2026 Amb ell, podr\u00e0s fer bonics arranjaments florals per a centres de taula, una prestatgeria, un rac\u00f3 especial\u2026 Qualsevol sigui el teu estil , aquest gerro trobar\u00e0 el seu lloc especial i veur\u00e0s com , juntament amb les flors, fan un conjunt simple, harmoni\u00f3s i elegant que no passar\u00e0 desapercebut.<\/p>\n","protected":false},"excerpt":{"rendered":"<p>Els gerros Gemma estan inspirats en les gemmes, aquestes pedres precioses o semiprecioses que es tallen i faceten per destacar la seva brillantor. Aix\u00ed d&#8217;elegants lluiran les flors! Estan dissenyats per col\u00b7locar flors de tija curta, tant fresques com seques, ja siguin de floristeria o que t&#8217;hi has trobat\u2026 Amb ell, podr\u00e0s fer bonics arranjaments florals per a centres de taula, una prestatgeria, un rac\u00f3 especial\u2026 Qualsevol sigui el teu estil , aquest gerro trobar\u00e0 el seu lloc especial i veur\u00e0s com , juntament amb les flors, fan un conjunt simple, harmoni\u00f3s i elegant que no passar\u00e0 desapercebut.<\/p>\n","protected":false},"featured_media":5382,"comment_status":"open","ping_status":"closed","template":"","meta":[],"product_brand":[],"product_cat":[78,70],"product_tag":[],"class_list":{"0":"post-5517","1":"product","2":"type-product","3":"status-publish","4":"has-post-thumbnail","6":"product_cat-florers","7":"product_cat-testos-i-gerros","9":"first","10":"instock","11":"taxable","12":"shipping-taxable","13":"purchasable","14":"product-type-simple"},"_links":{"self":[{"href":"https:\/\/oronda.es\/ca\/wp-json\/wp\/v2\/product\/5517","targetHints":{"allow":["GET"]}}],"collection":[{"href":"https:\/\/oronda.es\/ca\/wp-json\/wp\/v2\/product"}],"about":[{"href":"https:\/\/oronda.es\/ca\/wp-json\/wp\/v2\/types\/product"}],"replies":[{"embeddable":true,"href":"https:\/\/oronda.es\/ca\/wp-json\/wp\/v2\/comments?post=5517"}],"wp:featuredmedia":[{"embeddable":true,"href":"https:\/\/oronda.es\/ca\/wp-json\/wp\/v2\/media\/5382"}],"wp:attachment":[{"href":"https:\/\/oronda.es\/ca\/wp-json\/wp\/v2\/media?parent=5517"}],"wp:term":[{"taxonomy":"product_brand","embeddable":true,"href":"https:\/\/oronda.es\/ca\/wp-json\/wp\/v2\/product_brand?post=5517"},{"taxonomy":"product_cat","embeddable":true,"href":"https:\/\/oronda.es\/ca\/wp-json\/wp\/v2\/product_cat?post=5517"},{"taxonomy":"product_tag","embeddable":true,"href":"https:\/\/oronda.es\/ca\/wp-json\/wp\/v2\/product_tag?post=5517"}],"curies":[{"name":"wp","href":"https:\/\/api.w.org\/{rel}","templated":true}]}}