{"id":5514,"date":"2024-04-23T15:18:31","date_gmt":"2024-04-23T15:18:31","guid":{"rendered":"https:\/\/oronda.es\/producto\/ona-tapa\/"},"modified":"2024-10-11T08:41:46","modified_gmt":"2024-10-11T08:41:46","slug":"ona-tapa","status":"publish","type":"product","link":"https:\/\/oronda.es\/ca\/producto\/ona-tapa\/","title":{"rendered":"Ona \/ Tapa de sabonera"},"content":{"rendered":"<div dir=\"ltr\">\n<div class=\"input-box\" spellcheck=\"false\">\n<div id=\"waffle-rich-text-editor\" class=\"cell-input editable disabled-input\" dir=\"ltr\" tabindex=\"0\" role=\"combobox\" contenteditable=\"false\" aria-autocomplete=\"list\" aria-label=\"E34\">Si ets de les que prefereix el sab\u00f3 o xamp\u00fa a pastilles i vols un bany bonic i ordenat, voldr\u00e0s les saboneres Ona. El seu disseny us permet utilitzar-les per separat o juntes ja que s\u00f3n apilables i no us ocuparan res d&#8217;espai. L&#8217;aigua drena f\u00e0cilment per la part posterior i les pastilles respiren i s&#8217;assequen perfectament entre usos perqu\u00e8 durin molt m\u00e9s temps. A m\u00e9s compta amb una pr\u00e0ctica tapa que permet la ventilaci\u00f3 alhora que evita que les pastilles es mullen quan no les utilitzes.   <\/div>\n<\/div>\n<\/div>\n<div><\/div>\n","protected":false},"excerpt":{"rendered":"<p>Si ets de les que prefereix el sab\u00f3 o xamp\u00fa a pastilles i vols un bany bonic i ordenat, voldr\u00e0s les saboneres Ona. El seu disseny us permet utilitzar-les per separat o juntes ja que s\u00f3n apilables i no us ocuparan res d&#8217;espai. L&#8217;aigua drena f\u00e0cilment per la part posterior i les pastilles respiren i s&#8217;assequen perfectament entre usos perqu\u00e8 durin molt m\u00e9s temps. A m\u00e9s compta amb una pr\u00e0ctica tapa que permet la ventilaci\u00f3 alhora que evita que les pastilles es mullen quan no les utilitzes.<\/p>\n","protected":false},"featured_media":5264,"comment_status":"open","ping_status":"closed","template":"","meta":[],"product_brand":[],"product_cat":[81],"product_tag":[],"class_list":{"0":"post-5514","1":"product","2":"type-product","3":"status-publish","4":"has-post-thumbnail","6":"product_cat-bany","8":"first","9":"instock","10":"taxable","11":"shipping-taxable","12":"purchasable","13":"product-type-variable"},"_links":{"self":[{"href":"https:\/\/oronda.es\/ca\/wp-json\/wp\/v2\/product\/5514","targetHints":{"allow":["GET"]}}],"collection":[{"href":"https:\/\/oronda.es\/ca\/wp-json\/wp\/v2\/product"}],"about":[{"href":"https:\/\/oronda.es\/ca\/wp-json\/wp\/v2\/types\/product"}],"replies":[{"embeddable":true,"href":"https:\/\/oronda.es\/ca\/wp-json\/wp\/v2\/comments?post=5514"}],"wp:featuredmedia":[{"embeddable":true,"href":"https:\/\/oronda.es\/ca\/wp-json\/wp\/v2\/media\/5264"}],"wp:attachment":[{"href":"https:\/\/oronda.es\/ca\/wp-json\/wp\/v2\/media?parent=5514"}],"wp:term":[{"taxonomy":"product_brand","embeddable":true,"href":"https:\/\/oronda.es\/ca\/wp-json\/wp\/v2\/product_brand?post=5514"},{"taxonomy":"product_cat","embeddable":true,"href":"https:\/\/oronda.es\/ca\/wp-json\/wp\/v2\/product_cat?post=5514"},{"taxonomy":"product_tag","embeddable":true,"href":"https:\/\/oronda.es\/ca\/wp-json\/wp\/v2\/product_tag?post=5514"}],"curies":[{"name":"wp","href":"https:\/\/api.w.org\/{rel}","templated":true}]}}