{"id":5507,"date":"2024-03-14T14:35:14","date_gmt":"2024-03-14T14:35:14","guid":{"rendered":"https:\/\/oronda.es\/producto\/uh-air-plant\/"},"modified":"2025-07-31T08:11:24","modified_gmt":"2025-07-31T08:11:24","slug":"uh-air-plant","status":"publish","type":"product","link":"https:\/\/oronda.es\/ca\/producto\/uh-air-plant\/","title":{"rendered":"Uh! Air plant"},"content":{"rendered":"<ul>\n<li><span style=\"font-weight: 400;\">El nostre penjador de planta, Uh! Air Plant, est\u00e0 elaborat artesanalment en ferro forjat i dissenyat per allotjar Plantes d&#8217;aire, aquestes plantes sense substrat que sobreviuen nom\u00e9s amb humitat ambiental. Pots posar-lo a interiors i exteriors.\n<p>Crea el teu jard\u00ed penjat combinant-lo amb altres elements de la Col\u00b7lecci\u00f3 A\u00e8ria.  <\/span><\/li>\n<li><span style=\"font-weight: 400;\">El seu disseny susp\u00e8s permet penjar-lo del sostre, el marc d&#8217;una porta o finestra, d&#8217;una prestatgeria, una barra de cortina o directament a la paret amb el nostre Wall Hook<\/span><span style=\"font-weight: 400;\">.<\/span><\/li>\n<li><span style=\"font-weight: 400;\">Crea el teu jard\u00ed penjat combinant-lo amb altres elements de la Col\u00b7lecci\u00f3 A\u00e8ria. <\/span><\/li>\n<\/ul>\n","protected":false},"excerpt":{"rendered":"<p>El nostre penjador de planta, Uh! Air Plant, est\u00e0 elaborat artesanalment en ferro forjat i dissenyat per allotjar Plantes d&#8217;aire, aquestes plantes sense substrat que sobreviuen nom\u00e9s amb humitat ambiental. Pots posar-lo a interiors i exteriors. Crea el teu jard\u00ed penjat combinant-lo amb altres elements de la Col\u00b7lecci\u00f3 A\u00e8ria. El seu disseny susp\u00e8s permet penjar-lo del sostre, el marc d&#8217;una porta o finestra, d&#8217;una prestatgeria, una barra de cortina o directament a la paret amb el nostre Wall Hook. Crea el teu jard\u00ed penjat combinant-lo amb altres elements de la Col\u00b7lecci\u00f3 A\u00e8ria.<\/p>\n","protected":false},"featured_media":5222,"comment_status":"open","ping_status":"closed","template":"","meta":[],"product_brand":[],"product_cat":[71,70],"product_tag":[],"class_list":{"0":"post-5507","1":"product","2":"type-product","3":"status-publish","4":"has-post-thumbnail","6":"product_cat-colleccio-aeria","7":"product_cat-testos-i-gerros","9":"first","10":"instock","11":"taxable","12":"shipping-taxable","13":"purchasable","14":"product-type-variable"},"_links":{"self":[{"href":"https:\/\/oronda.es\/ca\/wp-json\/wp\/v2\/product\/5507","targetHints":{"allow":["GET"]}}],"collection":[{"href":"https:\/\/oronda.es\/ca\/wp-json\/wp\/v2\/product"}],"about":[{"href":"https:\/\/oronda.es\/ca\/wp-json\/wp\/v2\/types\/product"}],"replies":[{"embeddable":true,"href":"https:\/\/oronda.es\/ca\/wp-json\/wp\/v2\/comments?post=5507"}],"wp:featuredmedia":[{"embeddable":true,"href":"https:\/\/oronda.es\/ca\/wp-json\/wp\/v2\/media\/5222"}],"wp:attachment":[{"href":"https:\/\/oronda.es\/ca\/wp-json\/wp\/v2\/media?parent=5507"}],"wp:term":[{"taxonomy":"product_brand","embeddable":true,"href":"https:\/\/oronda.es\/ca\/wp-json\/wp\/v2\/product_brand?post=5507"},{"taxonomy":"product_cat","embeddable":true,"href":"https:\/\/oronda.es\/ca\/wp-json\/wp\/v2\/product_cat?post=5507"},{"taxonomy":"product_tag","embeddable":true,"href":"https:\/\/oronda.es\/ca\/wp-json\/wp\/v2\/product_tag?post=5507"}],"curies":[{"name":"wp","href":"https:\/\/api.w.org\/{rel}","templated":true}]}}