{"id":5499,"date":"2024-03-14T14:16:16","date_gmt":"2024-03-14T14:16:16","guid":{"rendered":"https:\/\/oronda.es\/producto\/barra-esquadres\/"},"modified":"2025-07-31T08:11:37","modified_gmt":"2025-07-31T08:11:37","slug":"barra-esquadres","status":"publish","type":"product","link":"https:\/\/oronda.es\/ca\/producto\/barra-esquadres\/","title":{"rendered":"Suport Jard\u00ed Penjant"},"content":{"rendered":"<ul>\n<li><span style=\"font-weight: 400;\">La nostra barra amb esquadres de forja artesanal est\u00e0 dissenyada per ajudar-te a decorar i organitzar les teves parets de forma \u00fanica i original. <\/span><\/li>\n<li><span style=\"font-weight: 400;\">D&#8217;ella pots penjar els elements de la nostra <\/span><b>Col\u00b7lecci\u00f3 A\u00e8ria <\/b><span style=\"font-weight: 400;\">i crear la teva galeria bot\u00e0nica donant vida i estil a qualsevol ambient.<\/span><\/li>\n<li><span style=\"font-weight: 400;\">Fabricat a m\u00e0 amb ferro forjat i fusta de pi<\/span><span style=\"font-weight: 400;\">. <\/span><span style=\"font-weight: 400;\">\u00das vers\u00e0til per a interiors i exteriors.<\/span><\/li>\n<\/ul>\n","protected":false},"excerpt":{"rendered":"<p>La nostra barra amb esquadres de forja artesanal est\u00e0 dissenyada per ajudar-te a decorar i organitzar les teves parets de forma \u00fanica i original. D&#8217;ella pots penjar els elements de la nostra Col\u00b7lecci\u00f3 A\u00e8ria i crear la teva galeria bot\u00e0nica donant vida i estil a qualsevol ambient. Fabricat a m\u00e0 amb ferro forjat i fusta de pi. \u00das vers\u00e0til per a interiors i exteriors.<\/p>\n","protected":false},"featured_media":5320,"comment_status":"open","ping_status":"closed","template":"","meta":[],"product_brand":[],"product_cat":[71,70],"product_tag":[],"class_list":{"0":"post-5499","1":"product","2":"type-product","3":"status-publish","4":"has-post-thumbnail","6":"product_cat-colleccio-aeria","7":"product_cat-testos-i-gerros","9":"first","10":"instock","11":"taxable","12":"shipping-taxable","13":"purchasable","14":"product-type-variable"},"_links":{"self":[{"href":"https:\/\/oronda.es\/ca\/wp-json\/wp\/v2\/product\/5499","targetHints":{"allow":["GET"]}}],"collection":[{"href":"https:\/\/oronda.es\/ca\/wp-json\/wp\/v2\/product"}],"about":[{"href":"https:\/\/oronda.es\/ca\/wp-json\/wp\/v2\/types\/product"}],"replies":[{"embeddable":true,"href":"https:\/\/oronda.es\/ca\/wp-json\/wp\/v2\/comments?post=5499"}],"wp:featuredmedia":[{"embeddable":true,"href":"https:\/\/oronda.es\/ca\/wp-json\/wp\/v2\/media\/5320"}],"wp:attachment":[{"href":"https:\/\/oronda.es\/ca\/wp-json\/wp\/v2\/media?parent=5499"}],"wp:term":[{"taxonomy":"product_brand","embeddable":true,"href":"https:\/\/oronda.es\/ca\/wp-json\/wp\/v2\/product_brand?post=5499"},{"taxonomy":"product_cat","embeddable":true,"href":"https:\/\/oronda.es\/ca\/wp-json\/wp\/v2\/product_cat?post=5499"},{"taxonomy":"product_tag","embeddable":true,"href":"https:\/\/oronda.es\/ca\/wp-json\/wp\/v2\/product_tag?post=5499"}],"curies":[{"name":"wp","href":"https:\/\/api.w.org\/{rel}","templated":true}]}}