{"id":5495,"date":"2024-03-14T12:54:28","date_gmt":"2024-03-14T12:54:28","guid":{"rendered":"https:\/\/oronda.es\/producto\/greca-plant-stand-3\/"},"modified":"2025-07-31T08:11:23","modified_gmt":"2025-07-31T08:11:23","slug":"greca-plant-stand-3","status":"publish","type":"product","link":"https:\/\/oronda.es\/ca\/producto\/greca-plant-stand-3\/","title":{"rendered":"Greca \/ Plant stand 3"},"content":{"rendered":"<p>Ideal per ubicar en un rac\u00f3 de l&#8217;estan\u00e7a i donar llum a aquests espais sovint oblidats. L&#8217;estil minimalista d&#8217;aquest conjunt de testos amb suport de peu combina a la perfecci\u00f3 amb les decoracions contempor\u00e0nies: la simplicitat de les l\u00ednies verticals li atorga una lleugeresa que es complementa amb l&#8217;estabilitat que proporciona la seva base de ferro. El test Greca \u00e9s un elegant test d&#8217;autoreg dissenyat per lluir les teves plantes i tenir-ne cura alhora. Disposa d&#8217;un compartiment a la base que recull l&#8217;excedent de l&#8217;aigua de reg i, a trav\u00e9s d&#8217;un cord\u00f3 de cot\u00f3, la planta la va reabsorbint a mesura que ho necessita. Aix\u00ed que ja pots destacar les teves plantes i despreocupar-te de si les has regat o no. El test i el suport estan fets artesanalment en cer\u00e0mica esmaltada i ferro forjat respectivament. *Es realitza sota comanda. Consultar condicions<\/p>\n","protected":false},"excerpt":{"rendered":"<p>Ideal per ubicar en un rac\u00f3 de l&#8217;estan\u00e7a i donar llum a aquests espais sovint oblidats. L&#8217;estil minimalista d&#8217;aquest conjunt de testos amb suport de peu combina a la perfecci\u00f3 amb les decoracions contempor\u00e0nies: la simplicitat de les l\u00ednies verticals li atorga una lleugeresa que es complementa amb l&#8217;estabilitat que proporciona la seva base de ferro. El test Greca \u00e9s un elegant test d&#8217;autoreg dissenyat per lluir les teves plantes i tenir-ne cura alhora. Disposa d&#8217;un compartiment a la base que recull l&#8217;excedent de l&#8217;aigua de reg i, a trav\u00e9s d&#8217;un cord\u00f3 de cot\u00f3, la planta la va reabsorbint a mesura que ho necessita. Aix\u00ed que ja pots destacar les teves plantes i despreocupar-te de si les has regat o no. El test i el suport estan fets artesanalment en cer\u00e0mica esmaltada i ferro forjat respectivament. *Es realitza sota comanda. Consultar condicions<\/p>\n","protected":false},"featured_media":5229,"comment_status":"open","ping_status":"closed","template":"","meta":[],"product_brand":[],"product_cat":[74,70],"product_tag":[],"class_list":{"0":"post-5495","1":"product","2":"type-product","3":"status-publish","4":"has-post-thumbnail","6":"product_cat-colleccio-greca","7":"product_cat-testos-i-gerros","9":"first","10":"instock","11":"taxable","12":"shipping-taxable","13":"purchasable","14":"product-type-variable"},"_links":{"self":[{"href":"https:\/\/oronda.es\/ca\/wp-json\/wp\/v2\/product\/5495","targetHints":{"allow":["GET"]}}],"collection":[{"href":"https:\/\/oronda.es\/ca\/wp-json\/wp\/v2\/product"}],"about":[{"href":"https:\/\/oronda.es\/ca\/wp-json\/wp\/v2\/types\/product"}],"replies":[{"embeddable":true,"href":"https:\/\/oronda.es\/ca\/wp-json\/wp\/v2\/comments?post=5495"}],"wp:featuredmedia":[{"embeddable":true,"href":"https:\/\/oronda.es\/ca\/wp-json\/wp\/v2\/media\/5229"}],"wp:attachment":[{"href":"https:\/\/oronda.es\/ca\/wp-json\/wp\/v2\/media?parent=5495"}],"wp:term":[{"taxonomy":"product_brand","embeddable":true,"href":"https:\/\/oronda.es\/ca\/wp-json\/wp\/v2\/product_brand?post=5495"},{"taxonomy":"product_cat","embeddable":true,"href":"https:\/\/oronda.es\/ca\/wp-json\/wp\/v2\/product_cat?post=5495"},{"taxonomy":"product_tag","embeddable":true,"href":"https:\/\/oronda.es\/ca\/wp-json\/wp\/v2\/product_tag?post=5495"}],"curies":[{"name":"wp","href":"https:\/\/api.w.org\/{rel}","templated":true}]}}