{"id":5454,"date":"2024-03-25T18:46:48","date_gmt":"2024-03-25T18:46:48","guid":{"rendered":"https:\/\/oronda.es\/producto\/compo-de-3\/"},"modified":"2024-03-25T18:46:48","modified_gmt":"2024-03-25T18:46:48","slug":"compo-de-3","status":"publish","type":"product","link":"https:\/\/oronda.es\/ca\/producto\/compo-de-3\/","title":{"rendered":"Compo de 3"},"content":{"rendered":"<p>Els testos de la col\u00b7lecci\u00f3 Printed estan fets de terracota al natural i sobre cadascun s&#8217;ha transferit un pattern a trav\u00e9s de t\u00e8cniques artesanals que fan que cada pe\u00e7a sigui \u00fanica i irrepetible*. El resultat \u00e9s un test r\u00fastic, art\u00edstic i elegant que cobra pres\u00e8ncia sobre el seu suport minimalista de varetes de ferro i far\u00e0 que les teves plantes llueixin en tota la seva esplendor donant llum i vitalitat a qualsevol ambient. *les imatges s\u00f3n orientatives del motiu que decora la pe\u00e7a. La t\u00e8cnica de transfer\u00e8ncia emprada fa que el resultat en cadascuna sigui diferent<\/p>\n","protected":false},"excerpt":{"rendered":"<p>Els testos de la col\u00b7lecci\u00f3 Printed estan fets de terracota al natural i sobre cadascun s&#8217;ha transferit un pattern a trav\u00e9s de t\u00e8cniques artesanals que fan que cada pe\u00e7a sigui \u00fanica i irrepetible*. El resultat \u00e9s un test r\u00fastic, art\u00edstic i elegant que cobra pres\u00e8ncia sobre el seu suport minimalista de varetes de ferro i far\u00e0 que les teves plantes llueixin en tota la seva esplendor donant llum i vitalitat a qualsevol ambient. *les imatges s\u00f3n orientatives del motiu que decora la pe\u00e7a. La t\u00e8cnica de transfer\u00e8ncia emprada fa que el resultat en cadascuna sigui diferent<\/p>\n","protected":false},"featured_media":5381,"comment_status":"open","ping_status":"closed","template":"","meta":[],"product_brand":[],"product_cat":[78,70],"product_tag":[],"class_list":{"0":"post-5454","1":"product","2":"type-product","3":"status-publish","4":"has-post-thumbnail","6":"product_cat-florers","7":"product_cat-testos-i-gerros","9":"first","10":"instock","11":"taxable","12":"shipping-taxable","13":"purchasable","14":"product-type-variable"},"_links":{"self":[{"href":"https:\/\/oronda.es\/ca\/wp-json\/wp\/v2\/product\/5454","targetHints":{"allow":["GET"]}}],"collection":[{"href":"https:\/\/oronda.es\/ca\/wp-json\/wp\/v2\/product"}],"about":[{"href":"https:\/\/oronda.es\/ca\/wp-json\/wp\/v2\/types\/product"}],"replies":[{"embeddable":true,"href":"https:\/\/oronda.es\/ca\/wp-json\/wp\/v2\/comments?post=5454"}],"wp:featuredmedia":[{"embeddable":true,"href":"https:\/\/oronda.es\/ca\/wp-json\/wp\/v2\/media\/5381"}],"wp:attachment":[{"href":"https:\/\/oronda.es\/ca\/wp-json\/wp\/v2\/media?parent=5454"}],"wp:term":[{"taxonomy":"product_brand","embeddable":true,"href":"https:\/\/oronda.es\/ca\/wp-json\/wp\/v2\/product_brand?post=5454"},{"taxonomy":"product_cat","embeddable":true,"href":"https:\/\/oronda.es\/ca\/wp-json\/wp\/v2\/product_cat?post=5454"},{"taxonomy":"product_tag","embeddable":true,"href":"https:\/\/oronda.es\/ca\/wp-json\/wp\/v2\/product_tag?post=5454"}],"curies":[{"name":"wp","href":"https:\/\/api.w.org\/{rel}","templated":true}]}}