{"id":5444,"date":"2024-03-25T18:57:58","date_gmt":"2024-03-25T18:57:58","guid":{"rendered":"https:\/\/oronda.es\/producto\/clown\/"},"modified":"2025-07-31T08:10:26","modified_gmt":"2025-07-31T08:10:26","slug":"clown","status":"publish","type":"product","link":"https:\/\/oronda.es\/ca\/producto\/clown\/","title":{"rendered":"Clown"},"content":{"rendered":"<div dir=\"ltr\">\n<div class=\"input-box\" spellcheck=\"false\">\n<div id=\"waffle-rich-text-editor\" class=\"cell-input editable disabled-input\" dir=\"ltr\" tabindex=\"0\" role=\"combobox\" contenteditable=\"false\" aria-autocomplete=\"list\" aria-label=\"E41\">Aquest conjunt de saler\/pebrer \u00e9s un detall de disseny per posar a la teva taula. El seu enginy\u00f3s sistema de subjecci\u00f3 amb gomes el\u00e0stiques donar\u00e0 un toc d&#8217;originalitat i de color al teu dia a dia. El conjunt inclou saler, pebrer i base de fusta. <\/div>\n<\/div>\n<\/div>\n","protected":false},"excerpt":{"rendered":"<p>Aquest conjunt de saler\/pebrer \u00e9s un detall de disseny per posar a la teva taula. El seu enginy\u00f3s sistema de subjecci\u00f3 amb gomes el\u00e0stiques donar\u00e0 un toc d&#8217;originalitat i de color al teu dia a dia. El conjunt inclou saler, pebrer i base de fusta.<\/p>\n","protected":false},"featured_media":5241,"comment_status":"open","ping_status":"closed","template":"","meta":[],"product_brand":[],"product_cat":[86],"product_tag":[],"class_list":{"0":"post-5444","1":"product","2":"type-product","3":"status-publish","4":"has-post-thumbnail","6":"product_cat-cuina","8":"first","9":"instock","10":"taxable","11":"shipping-taxable","12":"purchasable","13":"product-type-variable"},"_links":{"self":[{"href":"https:\/\/oronda.es\/ca\/wp-json\/wp\/v2\/product\/5444","targetHints":{"allow":["GET"]}}],"collection":[{"href":"https:\/\/oronda.es\/ca\/wp-json\/wp\/v2\/product"}],"about":[{"href":"https:\/\/oronda.es\/ca\/wp-json\/wp\/v2\/types\/product"}],"replies":[{"embeddable":true,"href":"https:\/\/oronda.es\/ca\/wp-json\/wp\/v2\/comments?post=5444"}],"wp:featuredmedia":[{"embeddable":true,"href":"https:\/\/oronda.es\/ca\/wp-json\/wp\/v2\/media\/5241"}],"wp:attachment":[{"href":"https:\/\/oronda.es\/ca\/wp-json\/wp\/v2\/media?parent=5444"}],"wp:term":[{"taxonomy":"product_brand","embeddable":true,"href":"https:\/\/oronda.es\/ca\/wp-json\/wp\/v2\/product_brand?post=5444"},{"taxonomy":"product_cat","embeddable":true,"href":"https:\/\/oronda.es\/ca\/wp-json\/wp\/v2\/product_cat?post=5444"},{"taxonomy":"product_tag","embeddable":true,"href":"https:\/\/oronda.es\/ca\/wp-json\/wp\/v2\/product_tag?post=5444"}],"curies":[{"name":"wp","href":"https:\/\/api.w.org\/{rel}","templated":true}]}}