{"id":5441,"date":"2024-03-25T18:44:05","date_gmt":"2024-03-25T18:44:05","guid":{"rendered":"https:\/\/oronda.es\/producto\/lisa\/"},"modified":"2025-07-31T08:12:03","modified_gmt":"2025-07-31T08:12:03","slug":"lisa","status":"publish","type":"product","link":"https:\/\/oronda.es\/ca\/producto\/lisa\/","title":{"rendered":"Lisa"},"content":{"rendered":"<p>Els testos de la col\u00b7lecci\u00f3 Printed estan fets de terrissa al natural i sobre cadascun d&#8217;ells s&#8217;ha transferit un pattern mitjan\u00e7ant t\u00e8cniques artesanals que fan que cada pe\u00e7a sigui \u00fanica i irrepetible*. El resultat \u00e9s un test r\u00fastic, art\u00edstic i elegant que cobra pres\u00e8ncia sobre el seu suport minimalista de barnilles de ferro i far\u00e0 que les teves plantes llueixen en tot el seu esplendor donant llum i vitalitat a qualsevol ambient. *les imatges s\u00f3n orientatives del motiu que decora la pe\u00e7a. La t\u00e8cnica de transfer\u00e8ncia emprada fa que el resultat en cadascuna d&#8217;elles sigui diferent<\/p>\n","protected":false},"excerpt":{"rendered":"<p>Els testos de la col\u00b7lecci\u00f3 Printed estan fets de terrissa al natural i sobre cadascun d&#8217;ells s&#8217;ha transferit un pattern mitjan\u00e7ant t\u00e8cniques artesanals que fan que cada pe\u00e7a sigui \u00fanica i irrepetible*. El resultat \u00e9s un test r\u00fastic, art\u00edstic i elegant que cobra pres\u00e8ncia sobre el seu suport minimalista de barnilles de ferro i far\u00e0 que les teves plantes llueixen en tot el seu esplendor donant llum i vitalitat a qualsevol ambient. *les imatges s\u00f3n orientatives del motiu que decora la pe\u00e7a. La t\u00e8cnica de transfer\u00e8ncia emprada fa que el resultat en cadascuna d&#8217;elles sigui diferent<\/p>\n","protected":false},"featured_media":5234,"comment_status":"open","ping_status":"closed","template":"","meta":[],"product_brand":[],"product_cat":[77,70],"product_tag":[],"class_list":{"0":"post-5441","1":"product","2":"type-product","3":"status-publish","4":"has-post-thumbnail","6":"product_cat-colleccio-printed-testos-i-gerros","7":"product_cat-testos-i-gerros","9":"first","10":"instock","11":"taxable","12":"shipping-taxable","13":"purchasable","14":"product-type-variable"},"_links":{"self":[{"href":"https:\/\/oronda.es\/ca\/wp-json\/wp\/v2\/product\/5441","targetHints":{"allow":["GET"]}}],"collection":[{"href":"https:\/\/oronda.es\/ca\/wp-json\/wp\/v2\/product"}],"about":[{"href":"https:\/\/oronda.es\/ca\/wp-json\/wp\/v2\/types\/product"}],"replies":[{"embeddable":true,"href":"https:\/\/oronda.es\/ca\/wp-json\/wp\/v2\/comments?post=5441"}],"wp:featuredmedia":[{"embeddable":true,"href":"https:\/\/oronda.es\/ca\/wp-json\/wp\/v2\/media\/5234"}],"wp:attachment":[{"href":"https:\/\/oronda.es\/ca\/wp-json\/wp\/v2\/media?parent=5441"}],"wp:term":[{"taxonomy":"product_brand","embeddable":true,"href":"https:\/\/oronda.es\/ca\/wp-json\/wp\/v2\/product_brand?post=5441"},{"taxonomy":"product_cat","embeddable":true,"href":"https:\/\/oronda.es\/ca\/wp-json\/wp\/v2\/product_cat?post=5441"},{"taxonomy":"product_tag","embeddable":true,"href":"https:\/\/oronda.es\/ca\/wp-json\/wp\/v2\/product_tag?post=5441"}],"curies":[{"name":"wp","href":"https:\/\/api.w.org\/{rel}","templated":true}]}}