{"id":5438,"date":"2024-03-25T18:49:36","date_gmt":"2024-03-25T18:49:36","guid":{"rendered":"https:\/\/oronda.es\/producto\/petra\/"},"modified":"2024-03-25T18:49:36","modified_gmt":"2024-03-25T18:49:36","slug":"petra","status":"publish","type":"product","link":"https:\/\/oronda.es\/ca\/producto\/petra\/","title":{"rendered":"Petra"},"content":{"rendered":"<div dir=\"ltr\">\n<div class=\"input-box\" spellcheck=\"false\">\n<div id=\"waffle-rich-text-editor\" class=\"cell-input editable disabled-input\" dir=\"ltr\" tabindex=\"0\" role=\"combobox\" contenteditable=\"false\" aria-autocomplete=\"list\" aria-label=\"E31\">Els gerros Petra estan inspirats en els c\u00f2dols, aquestes pedres polides i gastades per l&#8217;erosi\u00f3, tan comunes i f\u00e0cils de trobar. Estan dissenyats per col\u00b7locar flors de tija curta, tant fresques com seques, ja siguin de floristeria o que t&#8217;hi has trobat\u2026 Amb ell, podr\u00e0s fer bonics arranjaments florals per a centres de taula, una prestatgeria, un rac\u00f3 especial\u2026 Qualsevol sigui el teu estil , aquest gerro trobar\u00e0 el seu lloc especial i veur\u00e0s com , juntament amb les flors, fan un conjunt simple, harmoni\u00f3s i elegant que no passar\u00e0 desapercebut. <\/div>\n<\/div>\n<\/div>\n<div><\/div>\n","protected":false},"excerpt":{"rendered":"<p>Els gerros Petra estan inspirats en els c\u00f2dols, aquestes pedres polides i gastades per l&#8217;erosi\u00f3, tan comunes i f\u00e0cils de trobar. Estan dissenyats per col\u00b7locar flors de tija curta, tant fresques com seques, ja siguin de floristeria o que t&#8217;hi has trobat\u2026 Amb ell, podr\u00e0s fer bonics arranjaments florals per a centres de taula, una prestatgeria, un rac\u00f3 especial\u2026 Qualsevol sigui el teu estil , aquest gerro trobar\u00e0 el seu lloc especial i veur\u00e0s com , juntament amb les flors, fan un conjunt simple, harmoni\u00f3s i elegant que no passar\u00e0 desapercebut.<\/p>\n","protected":false},"featured_media":5239,"comment_status":"open","ping_status":"closed","template":"","meta":[],"product_brand":[],"product_cat":[78,70],"product_tag":[],"class_list":{"0":"post-5438","1":"product","2":"type-product","3":"status-publish","4":"has-post-thumbnail","6":"product_cat-florers","7":"product_cat-testos-i-gerros","9":"first","10":"instock","11":"taxable","12":"shipping-taxable","13":"purchasable","14":"product-type-simple"},"_links":{"self":[{"href":"https:\/\/oronda.es\/ca\/wp-json\/wp\/v2\/product\/5438","targetHints":{"allow":["GET"]}}],"collection":[{"href":"https:\/\/oronda.es\/ca\/wp-json\/wp\/v2\/product"}],"about":[{"href":"https:\/\/oronda.es\/ca\/wp-json\/wp\/v2\/types\/product"}],"replies":[{"embeddable":true,"href":"https:\/\/oronda.es\/ca\/wp-json\/wp\/v2\/comments?post=5438"}],"wp:featuredmedia":[{"embeddable":true,"href":"https:\/\/oronda.es\/ca\/wp-json\/wp\/v2\/media\/5239"}],"wp:attachment":[{"href":"https:\/\/oronda.es\/ca\/wp-json\/wp\/v2\/media?parent=5438"}],"wp:term":[{"taxonomy":"product_brand","embeddable":true,"href":"https:\/\/oronda.es\/ca\/wp-json\/wp\/v2\/product_brand?post=5438"},{"taxonomy":"product_cat","embeddable":true,"href":"https:\/\/oronda.es\/ca\/wp-json\/wp\/v2\/product_cat?post=5438"},{"taxonomy":"product_tag","embeddable":true,"href":"https:\/\/oronda.es\/ca\/wp-json\/wp\/v2\/product_tag?post=5438"}],"curies":[{"name":"wp","href":"https:\/\/api.w.org\/{rel}","templated":true}]}}