{"id":5433,"date":"2024-03-25T18:36:03","date_gmt":"2024-03-25T18:36:03","guid":{"rendered":"https:\/\/oronda.es\/producto\/greca-multistand\/"},"modified":"2025-07-31T08:11:12","modified_gmt":"2025-07-31T08:11:12","slug":"greca-multistand","status":"publish","type":"product","link":"https:\/\/oronda.es\/ca\/producto\/greca-multistand\/","title":{"rendered":"Greca \/ Suport multi-plantes"},"content":{"rendered":"<p>Eleva les teves plantes fins a l&#8217;al\u00e7ada on millor es poden apreciar! Sense necessitat de prestatges ni fer forats a la paret. Aquest suport lineal per al test Greca et permetr\u00e0 fer composicions amb les teves plantes i omplir de verd els teus espais quotidians. Pots col\u00b7locar-lo al costat de la paret o tamb\u00e9 utilitzar-lo com a divisor d&#8217;espais. T\u00e9 la solidesa i estabilitat del ferro a la base alhora que la lleugeresa i flexibilitat de les varetes a l&#8217;estructura.    <\/p>\n<p>El test Greca \u00e9s un elegant test d&#8217;autoreg dissenyat per lluir les teves plantes i tenir-ne cura alhora. Disposa d&#8217;un compartiment a la base que recull l&#8217;excedent de l&#8217;aigua de reg ia trav\u00e9s d&#8217;un cord\u00f3 de cot\u00f3, la planta la va reabsorbint a mesura que ho necessita. Aix\u00ed que ja pots destacar les teves plantes i despreocupar-te de si les has regat o no! Els tests i el suport estan fets artesanalment en cer\u00e0mica esmaltada i ferro forjat respectivament. El conjunt inclou 5 tests Greca que pots disposar de la manera que m\u00e9s t&#8217;agradi.  <\/p>\n<p>*Es realitza sota comanda. Consultar condicions<\/p>\n","protected":false},"excerpt":{"rendered":"<p>Eleva les teves plantes fins a l&#8217;al\u00e7ada on millor es poden apreciar! Sense necessitat de prestatges ni fer forats a la paret. Aquest suport lineal per al test Greca et permetr\u00e0 fer composicions amb les teves plantes i omplir de verd els teus espais quotidians. Pots col\u00b7locar-lo al costat de la paret o tamb\u00e9 utilitzar-lo com a divisor d&#8217;espais. T\u00e9 la solidesa i estabilitat del ferro a la base alhora que la lleugeresa i flexibilitat de les varetes a l&#8217;estructura. El test Greca \u00e9s un elegant test d&#8217;autoreg dissenyat per lluir les teves plantes i tenir-ne cura alhora. Disposa d&#8217;un compartiment a la base que recull l&#8217;excedent de l&#8217;aigua de reg ia trav\u00e9s d&#8217;un cord\u00f3 de cot\u00f3, la planta la va reabsorbint a mesura que ho necessita. Aix\u00ed que ja pots destacar les teves plantes i despreocupar-te de si les has regat o no! Els tests i el suport estan fets artesanalment en cer\u00e0mica esmaltada i ferro forjat respectivament. El conjunt inclou 5 tests Greca que pots disposar de la manera que m\u00e9s t&#8217;agradi. *Es realitza sota comanda. Consultar condicions<\/p>\n","protected":false},"featured_media":5230,"comment_status":"open","ping_status":"closed","template":"","meta":[],"product_brand":[],"product_cat":[74,70],"product_tag":[],"class_list":{"0":"post-5433","1":"product","2":"type-product","3":"status-publish","4":"has-post-thumbnail","6":"product_cat-colleccio-greca","7":"product_cat-testos-i-gerros","9":"first","10":"onbackorder","11":"taxable","12":"shipping-taxable","13":"purchasable","14":"product-type-variable"},"_links":{"self":[{"href":"https:\/\/oronda.es\/ca\/wp-json\/wp\/v2\/product\/5433","targetHints":{"allow":["GET"]}}],"collection":[{"href":"https:\/\/oronda.es\/ca\/wp-json\/wp\/v2\/product"}],"about":[{"href":"https:\/\/oronda.es\/ca\/wp-json\/wp\/v2\/types\/product"}],"replies":[{"embeddable":true,"href":"https:\/\/oronda.es\/ca\/wp-json\/wp\/v2\/comments?post=5433"}],"wp:featuredmedia":[{"embeddable":true,"href":"https:\/\/oronda.es\/ca\/wp-json\/wp\/v2\/media\/5230"}],"wp:attachment":[{"href":"https:\/\/oronda.es\/ca\/wp-json\/wp\/v2\/media?parent=5433"}],"wp:term":[{"taxonomy":"product_brand","embeddable":true,"href":"https:\/\/oronda.es\/ca\/wp-json\/wp\/v2\/product_brand?post=5433"},{"taxonomy":"product_cat","embeddable":true,"href":"https:\/\/oronda.es\/ca\/wp-json\/wp\/v2\/product_cat?post=5433"},{"taxonomy":"product_tag","embeddable":true,"href":"https:\/\/oronda.es\/ca\/wp-json\/wp\/v2\/product_tag?post=5433"}],"curies":[{"name":"wp","href":"https:\/\/api.w.org\/{rel}","templated":true}]}}