{"id":5430,"date":"2024-03-25T18:29:43","date_gmt":"2024-03-25T18:29:43","guid":{"rendered":"https:\/\/oronda.es\/producto\/baldes\/"},"modified":"2025-07-31T08:11:24","modified_gmt":"2025-07-31T08:11:24","slug":"baldes","status":"publish","type":"product","link":"https:\/\/oronda.es\/ca\/producto\/baldes\/","title":{"rendered":"Prestatge Flotant"},"content":{"rendered":"<ul>\n<li><span style=\"font-weight: 400;\">Decora les teves parets amb els nostres prestatges flotants de ferro forjat a m\u00e0. Una pe\u00e7a \u00fanica artesanal d&#8217;estil industrial contemporani que encaixa perfectament en qualsevol tipus d&#8217;ambient. <\/span><\/li>\n<li><span style=\"font-weight: 400;\">El seu disseny lleuger i susp\u00e8s transforma les teves parets en aut\u00e8ntiques galeries. Serveixen tant per a interiors com per a exteriors. <\/span><\/li>\n<li><span style=\"font-weight: 400;\">La pots col\u00b7locar a l&#8217;al\u00e7ada que vulguis regulant els cordons que la sostenen del <\/span><b>Suport Jard\u00ed Penjant<\/b><span style=\"font-weight: 400;\">.<\/span><\/li>\n<\/ul>\n","protected":false},"excerpt":{"rendered":"<p>Decora les teves parets amb els nostres prestatges flotants de ferro forjat a m\u00e0. Una pe\u00e7a \u00fanica artesanal d&#8217;estil industrial contemporani que encaixa perfectament en qualsevol tipus d&#8217;ambient. El seu disseny lleuger i susp\u00e8s transforma les teves parets en aut\u00e8ntiques galeries. Serveixen tant per a interiors com per a exteriors. La pots col\u00b7locar a l&#8217;al\u00e7ada que vulguis regulant els cordons que la sostenen del Suport Jard\u00ed Penjant.<\/p>\n","protected":false},"featured_media":5227,"comment_status":"open","ping_status":"closed","template":"","meta":[],"product_brand":[],"product_cat":[71,70],"product_tag":[],"class_list":{"0":"post-5430","1":"product","2":"type-product","3":"status-publish","4":"has-post-thumbnail","6":"product_cat-colleccio-aeria","7":"product_cat-testos-i-gerros","9":"first","10":"instock","11":"taxable","12":"shipping-taxable","13":"purchasable","14":"product-type-variable"},"_links":{"self":[{"href":"https:\/\/oronda.es\/ca\/wp-json\/wp\/v2\/product\/5430","targetHints":{"allow":["GET"]}}],"collection":[{"href":"https:\/\/oronda.es\/ca\/wp-json\/wp\/v2\/product"}],"about":[{"href":"https:\/\/oronda.es\/ca\/wp-json\/wp\/v2\/types\/product"}],"replies":[{"embeddable":true,"href":"https:\/\/oronda.es\/ca\/wp-json\/wp\/v2\/comments?post=5430"}],"wp:featuredmedia":[{"embeddable":true,"href":"https:\/\/oronda.es\/ca\/wp-json\/wp\/v2\/media\/5227"}],"wp:attachment":[{"href":"https:\/\/oronda.es\/ca\/wp-json\/wp\/v2\/media?parent=5430"}],"wp:term":[{"taxonomy":"product_brand","embeddable":true,"href":"https:\/\/oronda.es\/ca\/wp-json\/wp\/v2\/product_brand?post=5430"},{"taxonomy":"product_cat","embeddable":true,"href":"https:\/\/oronda.es\/ca\/wp-json\/wp\/v2\/product_cat?post=5430"},{"taxonomy":"product_tag","embeddable":true,"href":"https:\/\/oronda.es\/ca\/wp-json\/wp\/v2\/product_tag?post=5430"}],"curies":[{"name":"wp","href":"https:\/\/api.w.org\/{rel}","templated":true}]}}