{"id":5420,"date":"2024-03-20T15:05:41","date_gmt":"2024-03-20T15:05:41","guid":{"rendered":"https:\/\/oronda.es\/producto\/greca\/"},"modified":"2025-07-15T16:53:44","modified_gmt":"2025-07-15T16:53:44","slug":"greca","status":"publish","type":"product","link":"https:\/\/oronda.es\/ca\/producto\/greca\/","title":{"rendered":"Greca"},"content":{"rendered":"<p>Ja pots destacar les plantes i despreocupar-te de si les has regat o no. Greca \u00e9s un elegant test d&#8217;autoreg dissenyat per lluir en solitari, penjoll, amb el suport de sobretaula o fer composicions amb diverses en estructures de peu. Disposa d&#8217;un compartiment a la base que recull l&#8217;excedent de l&#8217;aigua de reg ia trav\u00e9s d&#8217;un cord\u00f3 de cot\u00f3, la planta la va reabsorbint a mesura que ho necessita. El seu estil minimalista combina a la perfecci\u00f3 amb decoracions contempor\u00e0nies i et permetr\u00e0 real\u00e7ar les plantes i donar-li vida a qualsevol estan\u00e7a de la casa o espai de treball.<\/p>\n","protected":false},"excerpt":{"rendered":"<p>Ja pots destacar les plantes i despreocupar-te de si les has regat o no. Greca \u00e9s un elegant test d&#8217;autoreg dissenyat per lluir en solitari, penjoll, amb el suport de sobretaula o fer composicions amb diverses en estructures de peu. Disposa d&#8217;un compartiment a la base que recull l&#8217;excedent de l&#8217;aigua de reg ia trav\u00e9s d&#8217;un cord\u00f3 de cot\u00f3, la planta la va reabsorbint a mesura que ho necessita. El seu estil minimalista combina a la perfecci\u00f3 amb decoracions contempor\u00e0nies i et permetr\u00e0 real\u00e7ar les plantes i donar-li vida a qualsevol estan\u00e7a de la casa o espai de treball.<\/p>\n","protected":false},"featured_media":5197,"comment_status":"open","ping_status":"closed","template":"","meta":[],"product_brand":[],"product_cat":[74,70],"product_tag":[],"class_list":{"0":"post-5420","1":"product","2":"type-product","3":"status-publish","4":"has-post-thumbnail","6":"product_cat-colleccio-greca","7":"product_cat-testos-i-gerros","9":"first","10":"instock","11":"taxable","12":"shipping-taxable","13":"purchasable","14":"product-type-variable"},"_links":{"self":[{"href":"https:\/\/oronda.es\/ca\/wp-json\/wp\/v2\/product\/5420","targetHints":{"allow":["GET"]}}],"collection":[{"href":"https:\/\/oronda.es\/ca\/wp-json\/wp\/v2\/product"}],"about":[{"href":"https:\/\/oronda.es\/ca\/wp-json\/wp\/v2\/types\/product"}],"replies":[{"embeddable":true,"href":"https:\/\/oronda.es\/ca\/wp-json\/wp\/v2\/comments?post=5420"}],"wp:featuredmedia":[{"embeddable":true,"href":"https:\/\/oronda.es\/ca\/wp-json\/wp\/v2\/media\/5197"}],"wp:attachment":[{"href":"https:\/\/oronda.es\/ca\/wp-json\/wp\/v2\/media?parent=5420"}],"wp:term":[{"taxonomy":"product_brand","embeddable":true,"href":"https:\/\/oronda.es\/ca\/wp-json\/wp\/v2\/product_brand?post=5420"},{"taxonomy":"product_cat","embeddable":true,"href":"https:\/\/oronda.es\/ca\/wp-json\/wp\/v2\/product_cat?post=5420"},{"taxonomy":"product_tag","embeddable":true,"href":"https:\/\/oronda.es\/ca\/wp-json\/wp\/v2\/product_tag?post=5420"}],"curies":[{"name":"wp","href":"https:\/\/api.w.org\/{rel}","templated":true}]}}