{"id":5406,"date":"2024-06-04T16:37:38","date_gmt":"2024-06-04T16:37:38","guid":{"rendered":"https:\/\/oronda.es\/producto\/tastet-de-ceramica\/"},"modified":"2025-07-31T08:09:50","modified_gmt":"2025-07-31T08:09:50","slug":"tastet-de-ceramica","status":"publish","type":"product","link":"https:\/\/oronda.es\/ca\/producto\/tastet-de-ceramica\/","title":{"rendered":"Tastet de cer\u00e0mica"},"content":{"rendered":"<p>Aquest \u00e9s un taller d&#8217;introducci\u00f3 a la cer\u00e0mica. A partir de t\u00e8cniques b\u00e0siques de modelatge constru\u00efm i decorem una pe\u00e7a utilit\u00e0ria (tassa, bowl, plat, etc.) que, un cop cuita, podr\u00e0s emportar-te i ensenyar amb orgull! Ja veur\u00e0s quines coses m\u00e9s xules pots fer!<br \/>\nS\u00f3n <strong>3 hores ideals<\/strong> per desconnectar de la rutina d&#8217;una manera creativa, divertir-se, compartir* i fer els primers passos en aquest apassionant m\u00f3n de la cer\u00e0mica.<\/p>\n<p>Tamb\u00e9 pots regalar un tast escollint l&#8217;opci\u00f3 \u201cVal regal\u201d. La persona que el rebi tindr\u00e0 un any per reservar la seva pla\u00e7a el dia que vulgui venir. <\/p>\n<p>&nbsp;<\/p>\n","protected":false},"excerpt":{"rendered":"<p>Aquest \u00e9s un taller d&#8217;introducci\u00f3 a la cer\u00e0mica. A partir de t\u00e8cniques b\u00e0siques de modelatge constru\u00efm i decorem una pe\u00e7a utilit\u00e0ria (tassa, bowl, plat, etc.) que, un cop cuita, podr\u00e0s emportar-te i ensenyar amb orgull! Ja veur\u00e0s quines coses m\u00e9s xules pots fer! S\u00f3n 3 hores ideals per desconnectar de la rutina d&#8217;una manera creativa, divertir-se, compartir* i fer els primers passos en aquest apassionant m\u00f3n de la cer\u00e0mica. Tamb\u00e9 pots regalar un tast escollint l&#8217;opci\u00f3 \u201cVal regal\u201d. La persona que el rebi tindr\u00e0 un any per reservar la seva pla\u00e7a el dia que vulgui venir. &nbsp;<\/p>\n","protected":false},"featured_media":5119,"comment_status":"open","ping_status":"closed","template":"","meta":[],"product_brand":[],"product_cat":[69],"product_tag":[],"class_list":{"0":"post-5406","1":"product","2":"type-product","3":"status-publish","4":"has-post-thumbnail","6":"product_cat-sense-categoritzar","8":"first","9":"instock","10":"taxable","11":"shipping-taxable","12":"purchasable","13":"product-type-variable"},"_links":{"self":[{"href":"https:\/\/oronda.es\/ca\/wp-json\/wp\/v2\/product\/5406","targetHints":{"allow":["GET"]}}],"collection":[{"href":"https:\/\/oronda.es\/ca\/wp-json\/wp\/v2\/product"}],"about":[{"href":"https:\/\/oronda.es\/ca\/wp-json\/wp\/v2\/types\/product"}],"replies":[{"embeddable":true,"href":"https:\/\/oronda.es\/ca\/wp-json\/wp\/v2\/comments?post=5406"}],"wp:featuredmedia":[{"embeddable":true,"href":"https:\/\/oronda.es\/ca\/wp-json\/wp\/v2\/media\/5119"}],"wp:attachment":[{"href":"https:\/\/oronda.es\/ca\/wp-json\/wp\/v2\/media?parent=5406"}],"wp:term":[{"taxonomy":"product_brand","embeddable":true,"href":"https:\/\/oronda.es\/ca\/wp-json\/wp\/v2\/product_brand?post=5406"},{"taxonomy":"product_cat","embeddable":true,"href":"https:\/\/oronda.es\/ca\/wp-json\/wp\/v2\/product_cat?post=5406"},{"taxonomy":"product_tag","embeddable":true,"href":"https:\/\/oronda.es\/ca\/wp-json\/wp\/v2\/product_tag?post=5406"}],"curies":[{"name":"wp","href":"https:\/\/api.w.org\/{rel}","templated":true}]}}