{"id":5405,"date":"2024-06-04T16:41:03","date_gmt":"2024-06-04T16:41:03","guid":{"rendered":"https:\/\/oronda.es\/producto\/pack-4-classes\/"},"modified":"2025-07-31T08:09:33","modified_gmt":"2025-07-31T08:09:33","slug":"pack-4-classes","status":"publish","type":"product","link":"https:\/\/oronda.es\/ca\/producto\/pack-4-classes\/","title":{"rendered":"Pack 4 classes"},"content":{"rendered":"<p>Si vols anar una mica m\u00e9s enll\u00e0 d&#8217;un taller introductori per\u00f2 se&#8217;t complica comprometre&#8217;t a venir cada setmana, tens aquesta opci\u00f3 de 4 classes que pots fer servir quan tu decideixis* . Pots treballar en un projecte personal o aprendre una t\u00e8cnica diferent a cada trobada. Adaptarem la feina a la regularitat amb qu\u00e8 vindr\u00e0s.<\/p>\n","protected":false},"excerpt":{"rendered":"<p>Si vols anar una mica m\u00e9s enll\u00e0 d&#8217;un taller introductori per\u00f2 se&#8217;t complica comprometre&#8217;t a venir cada setmana, tens aquesta opci\u00f3 de 4 classes que pots fer servir quan tu decideixis* . Pots treballar en un projecte personal o aprendre una t\u00e8cnica diferent a cada trobada. Adaptarem la feina a la regularitat amb qu\u00e8 vindr\u00e0s.<\/p>\n","protected":false},"featured_media":5213,"comment_status":"open","ping_status":"closed","template":"","meta":[],"product_brand":[],"product_cat":[69],"product_tag":[],"class_list":{"0":"post-5405","1":"product","2":"type-product","3":"status-publish","4":"has-post-thumbnail","6":"product_cat-sense-categoritzar","8":"first","9":"instock","10":"taxable","11":"shipping-taxable","12":"purchasable","13":"product-type-variable"},"_links":{"self":[{"href":"https:\/\/oronda.es\/ca\/wp-json\/wp\/v2\/product\/5405","targetHints":{"allow":["GET"]}}],"collection":[{"href":"https:\/\/oronda.es\/ca\/wp-json\/wp\/v2\/product"}],"about":[{"href":"https:\/\/oronda.es\/ca\/wp-json\/wp\/v2\/types\/product"}],"replies":[{"embeddable":true,"href":"https:\/\/oronda.es\/ca\/wp-json\/wp\/v2\/comments?post=5405"}],"wp:featuredmedia":[{"embeddable":true,"href":"https:\/\/oronda.es\/ca\/wp-json\/wp\/v2\/media\/5213"}],"wp:attachment":[{"href":"https:\/\/oronda.es\/ca\/wp-json\/wp\/v2\/media?parent=5405"}],"wp:term":[{"taxonomy":"product_brand","embeddable":true,"href":"https:\/\/oronda.es\/ca\/wp-json\/wp\/v2\/product_brand?post=5405"},{"taxonomy":"product_cat","embeddable":true,"href":"https:\/\/oronda.es\/ca\/wp-json\/wp\/v2\/product_cat?post=5405"},{"taxonomy":"product_tag","embeddable":true,"href":"https:\/\/oronda.es\/ca\/wp-json\/wp\/v2\/product_tag?post=5405"}],"curies":[{"name":"wp","href":"https:\/\/api.w.org\/{rel}","templated":true}]}}